{"id":9792,"date":"2022-12-22T21:33:27","date_gmt":"2022-12-22T21:33:27","guid":{"rendered":"http:\/\/www.compostlap.com\/?page_id=9792"},"modified":"2023-04-04T21:45:41","modified_gmt":"2023-04-04T21:45:41","slug":"hikayemiz","status":"publish","type":"page","link":"https:\/\/www.compostlap.com\/en\/hikayemiz\/","title":{"rendered":"Our Story"},"content":{"rendered":"<div class=\"vc_row wpb_row vc_row-fluid\"><div class=\"wpb_column vc_column_container vc_col-sm-4\"><div class=\"vc_column-inner\"><div class=\"wpb_wrapper\">\n\t<div class=\"wpb_text_column wpb_content_element\" >\n\t\t<div class=\"wpb_wrapper\">\n\t\t\t<p>The main purpose of local community is to secure the constant development of the town,\nwhile providing the residents with the common current necessities and needs which will improve\ntheir quality of life. In this context, the \"Recycling of Green Wastes for a Better Environment\"\nproject, funded by the European Union and implemented<\/p>\n<p>&nbsp;<\/p>\n\n\t\t<\/div>\n\t<\/div>\n<\/div><\/div><\/div><div class=\"wpb_column vc_column_container vc_col-sm-4\"><div class=\"vc_column-inner\"><div class=\"wpb_wrapper\">\n\t<div class=\"wpb_text_column wpb_content_element\" >\n\t\t<div class=\"wpb_wrapper\">\n\t\t\t<p>by Lapithos\/Lapta Karavas\/Alsancak Myrtou\/ \u00c7amlibel  local community.The purpose of the establishment of Compostlap is threefolds:<br><br>\n1. To carefully collect \"green waste\" from the gardens and fields within the boundaries of the\nlocal community,<\/p>\n\n\t\t<\/div>\n\t<\/div>\n<\/div><\/div><\/div><div class=\"wpb_column vc_column_container vc_col-sm-4\"><div class=\"vc_column-inner\"><div class=\"wpb_wrapper\">\n\t<div class=\"wpb_text_column wpb_content_element\" >\n\t\t<div class=\"wpb_wrapper\">\n\t\t\t<p>2. To transform this green waste into \"compost\" which is beneficial to the crop as it feeds the\nsoil,\n<br><br>\n3. To present this compost to the use of the producers and the residents of our town.\nOur local community evaluates other green wastes that are difficult to compost as \u201cfirewood\u201d and\n\u201cmulch\u201d and offers them to the use of our people.<\/p>\n\n\t\t<\/div>\n\t<\/div>\n<\/div><\/div><\/div><\/div>","protected":false},"excerpt":{"rendered":"<p>Belediye\u00a0 hizmetlerinin ana amac\u0131 bulundu\u011fu beldenin geli\u015fmesi ve belde halk\u0131n\u0131n rahatl\u0131k, refah ve mutlulu\u011fu konusunda ortak yerel gereksinimleri kar\u015f\u0131lanmas\u0131d\u0131r. Bu kapsamda Avrupa Birli\u011fi taraf\u0131ndan finanse edilen ve Lapta Alsancak \u00c7aml\u0131bel Belediyesi taraf\u0131ndan, &nbsp; y\u00fcr\u00fct\u00fclm\u00fc\u015f olan &#8220;Daha \u0130yi Bir \u00c7evre \u0130\u00e7in Ye\u015fil At\u0131klar\u0131n Geri D\u00f6n\u00fc\u015ft\u00fcr\u00fclmesi&#8221; projesi tamamlanm\u0131\u015f ve &#8220;Compostlap&#8221; hizmet vermeye ba\u015flam\u0131\u015ft\u0131r. Compostlap&#8217;\u0131n kurulma amac\u0131 belediye &#8230;<\/p>","protected":false},"author":1,"featured_media":0,"parent":0,"menu_order":0,"comment_status":"closed","ping_status":"closed","template":"","meta":{"footnotes":""},"class_list":["post-9792","page","type-page","status-publish","hentry"],"_links":{"self":[{"href":"https:\/\/www.compostlap.com\/en\/wp-json\/wp\/v2\/pages\/9792","targetHints":{"allow":["GET"]}}],"collection":[{"href":"https:\/\/www.compostlap.com\/en\/wp-json\/wp\/v2\/pages"}],"about":[{"href":"https:\/\/www.compostlap.com\/en\/wp-json\/wp\/v2\/types\/page"}],"author":[{"embeddable":true,"href":"https:\/\/www.compostlap.com\/en\/wp-json\/wp\/v2\/users\/1"}],"replies":[{"embeddable":true,"href":"https:\/\/www.compostlap.com\/en\/wp-json\/wp\/v2\/comments?post=9792"}],"version-history":[{"count":17,"href":"https:\/\/www.compostlap.com\/en\/wp-json\/wp\/v2\/pages\/9792\/revisions"}],"predecessor-version":[{"id":9914,"href":"https:\/\/www.compostlap.com\/en\/wp-json\/wp\/v2\/pages\/9792\/revisions\/9914"}],"wp:attachment":[{"href":"https:\/\/www.compostlap.com\/en\/wp-json\/wp\/v2\/media?parent=9792"}],"curies":[{"name":"wp","href":"https:\/\/api.w.org\/{rel}","templated":true}]}}