{"id":9819,"date":"2022-12-23T12:38:29","date_gmt":"2022-12-23T12:38:29","guid":{"rendered":"http:\/\/www.compostlap.com\/?page_id=9819"},"modified":"2023-05-09T20:26:08","modified_gmt":"2023-05-09T20:26:08","slug":"tesis-goruntulerimiz","status":"publish","type":"page","link":"https:\/\/www.compostlap.com\/en\/tesis-goruntulerimiz\/","title":{"rendered":"Images From Our Facility"},"content":{"rendered":"<div class=\"vc_row wpb_row vc_row-fluid\"><div class=\"wpb_column vc_column_container vc_col-sm-12\"><div class=\"vc_column-inner\"><div class=\"wpb_wrapper\"><h4 style=\"text-align: left;font-family:Abril Fatface;font-weight:400;font-style:normal\" class=\"vc_custom_heading\" >Hisark\u00f6y - \u00c7aml\u0131bel Region<\/h4><\/div><\/div><\/div><div class=\"wpb_column vc_column_container vc_col-sm-12\"><div class=\"vc_column-inner\"><div class=\"wpb_wrapper\"><div class=\"wpb_gallery wpb_content_element vc_clearfix vc_custom_1683663962757\" ><div class=\"wpb_wrapper\"><div class=\"wpb_gallery_slides wpb_image_grid\" data-interval=\"3\"><ul class=\"wpb_image_grid_ul\"><li class=\"isotope-item\"><a class=\"\" href=\"https:\/\/www.compostlap.com\/wp-content\/uploads\/2023\/03\/1-1024x576-1.jpg\" data-lightbox=\"lightbox[rel-9819-225527331]\"><img loading=\"lazy\" decoding=\"async\" class=\"\" src=\"https:\/\/www.compostlap.com\/wp-content\/uploads\/2023\/03\/1-1024x576-1-280x180.jpg\" width=\"280\" height=\"180\" alt=\"1-1024x576\" title=\"1-1024x576\" \/><\/a><\/li><li class=\"isotope-item\"><a class=\"\" href=\"https:\/\/www.compostlap.com\/wp-content\/uploads\/2023\/03\/4-1024x576-1.jpg\" data-lightbox=\"lightbox[rel-9819-225527331]\"><img loading=\"lazy\" decoding=\"async\" class=\"\" src=\"https:\/\/www.compostlap.com\/wp-content\/uploads\/2023\/03\/4-1024x576-1-280x180.jpg\" width=\"280\" height=\"180\" alt=\"4-1024x576\" title=\"4-1024x576\" \/><\/a><\/li><li class=\"isotope-item\"><a class=\"\" href=\"https:\/\/www.compostlap.com\/wp-content\/uploads\/2023\/03\/3-1024x576-1.jpg\" data-lightbox=\"lightbox[rel-9819-225527331]\"><img loading=\"lazy\" decoding=\"async\" class=\"\" src=\"https:\/\/www.compostlap.com\/wp-content\/uploads\/2023\/03\/3-1024x576-1-280x180.jpg\" width=\"280\" height=\"180\" alt=\"3-1024x576\" title=\"3-1024x576\" \/><\/a><\/li><li class=\"isotope-item\"><a class=\"\" href=\"https:\/\/www.compostlap.com\/wp-content\/uploads\/2023\/03\/2-1024x576-1.jpg\" data-lightbox=\"lightbox[rel-9819-225527331]\"><img loading=\"lazy\" decoding=\"async\" class=\"\" src=\"https:\/\/www.compostlap.com\/wp-content\/uploads\/2023\/03\/2-1024x576-1-280x180.jpg\" width=\"280\" height=\"180\" alt=\"2-1024x576\" title=\"2-1024x576\" \/><\/a><\/li><li class=\"isotope-item\"><a class=\"\" href=\"https:\/\/www.compostlap.com\/wp-content\/uploads\/2023\/05\/1-1024x768.jpg\" data-lightbox=\"lightbox[rel-9819-225527331]\"><img loading=\"lazy\" decoding=\"async\" class=\"\" src=\"https:\/\/www.compostlap.com\/wp-content\/uploads\/2023\/05\/1-280x180.jpg\" width=\"280\" height=\"180\" alt=\"1\" title=\"1\" \/><\/a><\/li><li class=\"isotope-item\"><a class=\"\" href=\"https:\/\/www.compostlap.com\/wp-content\/uploads\/2023\/05\/15-1024x768.jpg\" data-lightbox=\"lightbox[rel-9819-225527331]\"><img loading=\"lazy\" decoding=\"async\" class=\"\" src=\"https:\/\/www.compostlap.com\/wp-content\/uploads\/2023\/05\/15-280x180.jpg\" width=\"280\" height=\"180\" alt=\"15\" title=\"15\" \/><\/a><\/li><li class=\"isotope-item\"><a class=\"\" href=\"https:\/\/www.compostlap.com\/wp-content\/uploads\/2023\/05\/16-1024x768.jpg\" data-lightbox=\"lightbox[rel-9819-225527331]\"><img loading=\"lazy\" decoding=\"async\" class=\"\" src=\"https:\/\/www.compostlap.com\/wp-content\/uploads\/2023\/05\/16-280x180.jpg\" width=\"280\" height=\"180\" alt=\"16\" title=\"16\" \/><\/a><\/li><li class=\"isotope-item\"><a class=\"\" href=\"https:\/\/www.compostlap.com\/wp-content\/uploads\/2023\/05\/17-1024x768.jpg\" data-lightbox=\"lightbox[rel-9819-225527331]\"><img loading=\"lazy\" decoding=\"async\" class=\"\" src=\"https:\/\/www.compostlap.com\/wp-content\/uploads\/2023\/05\/17-280x180.jpg\" width=\"280\" height=\"180\" alt=\"17\" title=\"17\" \/><\/a><\/li><li class=\"isotope-item\"><a class=\"\" href=\"https:\/\/www.compostlap.com\/wp-content\/uploads\/2023\/05\/18-768x1024.jpg\" data-lightbox=\"lightbox[rel-9819-225527331]\"><img loading=\"lazy\" decoding=\"async\" class=\"\" src=\"https:\/\/www.compostlap.com\/wp-content\/uploads\/2023\/05\/18-280x180.jpg\" width=\"280\" height=\"180\" alt=\"18\" title=\"18\" \/><\/a><\/li><li class=\"isotope-item\"><a class=\"\" href=\"https:\/\/www.compostlap.com\/wp-content\/uploads\/2023\/05\/19-1024x768.jpg\" data-lightbox=\"lightbox[rel-9819-225527331]\"><img loading=\"lazy\" decoding=\"async\" class=\"\" src=\"https:\/\/www.compostlap.com\/wp-content\/uploads\/2023\/05\/19-280x180.jpg\" width=\"280\" height=\"180\" alt=\"19\" title=\"19\" \/><\/a><\/li><li class=\"isotope-item\"><a class=\"\" href=\"https:\/\/www.compostlap.com\/wp-content\/uploads\/2023\/05\/20-1024x768.jpg\" data-lightbox=\"lightbox[rel-9819-225527331]\"><img loading=\"lazy\" decoding=\"async\" class=\"\" src=\"https:\/\/www.compostlap.com\/wp-content\/uploads\/2023\/05\/20-280x180.jpg\" width=\"280\" height=\"180\" alt=\"20\" title=\"20\" \/><\/a><\/li><li class=\"isotope-item\"><a class=\"\" href=\"https:\/\/www.compostlap.com\/wp-content\/uploads\/2023\/05\/21-1024x768.jpg\" data-lightbox=\"lightbox[rel-9819-225527331]\"><img loading=\"lazy\" decoding=\"async\" class=\"\" src=\"https:\/\/www.compostlap.com\/wp-content\/uploads\/2023\/05\/21-280x180.jpg\" width=\"280\" height=\"180\" alt=\"21\" title=\"21\" \/><\/a><\/li><li class=\"isotope-item\"><a class=\"\" href=\"https:\/\/www.compostlap.com\/wp-content\/uploads\/2023\/05\/22-1024x768.jpg\" data-lightbox=\"lightbox[rel-9819-225527331]\"><img loading=\"lazy\" decoding=\"async\" class=\"\" src=\"https:\/\/www.compostlap.com\/wp-content\/uploads\/2023\/05\/22-280x180.jpg\" width=\"280\" height=\"180\" alt=\"22\" title=\"22\" \/><\/a><\/li><li class=\"isotope-item\"><a class=\"\" href=\"https:\/\/www.compostlap.com\/wp-content\/uploads\/2023\/05\/23-1024x768.jpg\" data-lightbox=\"lightbox[rel-9819-225527331]\"><img loading=\"lazy\" decoding=\"async\" class=\"\" src=\"https:\/\/www.compostlap.com\/wp-content\/uploads\/2023\/05\/23-280x180.jpg\" width=\"280\" height=\"180\" alt=\"23\" title=\"23\" \/><\/a><\/li><li class=\"isotope-item\"><a class=\"\" href=\"https:\/\/www.compostlap.com\/wp-content\/uploads\/2023\/05\/24-1024x768.jpg\" data-lightbox=\"lightbox[rel-9819-225527331]\"><img loading=\"lazy\" decoding=\"async\" class=\"\" src=\"https:\/\/www.compostlap.com\/wp-content\/uploads\/2023\/05\/24-280x180.jpg\" width=\"280\" height=\"180\" alt=\"24\" title=\"24\" \/><\/a><\/li><li class=\"isotope-item\"><a class=\"\" href=\"https:\/\/www.compostlap.com\/wp-content\/uploads\/2023\/05\/25-1024x768.jpg\" data-lightbox=\"lightbox[rel-9819-225527331]\"><img loading=\"lazy\" decoding=\"async\" class=\"\" src=\"https:\/\/www.compostlap.com\/wp-content\/uploads\/2023\/05\/25-280x180.jpg\" width=\"280\" height=\"180\" alt=\"25\" title=\"25\" \/><\/a><\/li><li class=\"isotope-item\"><a class=\"\" href=\"https:\/\/www.compostlap.com\/wp-content\/uploads\/2023\/05\/27-1024x768.jpg\" data-lightbox=\"lightbox[rel-9819-225527331]\"><img loading=\"lazy\" decoding=\"async\" class=\"\" src=\"https:\/\/www.compostlap.com\/wp-content\/uploads\/2023\/05\/27-280x180.jpg\" width=\"280\" height=\"180\" alt=\"27\" title=\"27\" \/><\/a><\/li><li class=\"isotope-item\"><a class=\"\" href=\"https:\/\/www.compostlap.com\/wp-content\/uploads\/2023\/05\/28-1024x768.jpg\" data-lightbox=\"lightbox[rel-9819-225527331]\"><img loading=\"lazy\" decoding=\"async\" class=\"\" src=\"https:\/\/www.compostlap.com\/wp-content\/uploads\/2023\/05\/28-280x180.jpg\" width=\"280\" height=\"180\" alt=\"28\" title=\"28\" \/><\/a><\/li><li class=\"isotope-item\"><a class=\"\" href=\"https:\/\/www.compostlap.com\/wp-content\/uploads\/2023\/05\/29-1024x768.jpg\" data-lightbox=\"lightbox[rel-9819-225527331]\"><img loading=\"lazy\" decoding=\"async\" class=\"\" src=\"https:\/\/www.compostlap.com\/wp-content\/uploads\/2023\/05\/29-280x180.jpg\" width=\"280\" height=\"180\" alt=\"29\" title=\"29\" \/><\/a><\/li><li class=\"isotope-item\"><a class=\"\" href=\"https:\/\/www.compostlap.com\/wp-content\/uploads\/2023\/05\/30-1024x768.jpg\" data-lightbox=\"lightbox[rel-9819-225527331]\"><img loading=\"lazy\" decoding=\"async\" class=\"\" src=\"https:\/\/www.compostlap.com\/wp-content\/uploads\/2023\/05\/30-280x180.jpg\" width=\"280\" height=\"180\" alt=\"30\" title=\"30\" \/><\/a><\/li><\/ul><\/div><\/div><\/div><\/div><\/div><\/div><\/div>","protected":false},"excerpt":{"rendered":"<p>Hisark\u00f6y &#8211; \u00c7aml\u0131bel B\u00f6lgesi<\/p>","protected":false},"author":1,"featured_media":0,"parent":0,"menu_order":0,"comment_status":"closed","ping_status":"closed","template":"","meta":{"footnotes":""},"class_list":["post-9819","page","type-page","status-publish","hentry"],"_links":{"self":[{"href":"https:\/\/www.compostlap.com\/en\/wp-json\/wp\/v2\/pages\/9819","targetHints":{"allow":["GET"]}}],"collection":[{"href":"https:\/\/www.compostlap.com\/en\/wp-json\/wp\/v2\/pages"}],"about":[{"href":"https:\/\/www.compostlap.com\/en\/wp-json\/wp\/v2\/types\/page"}],"author":[{"embeddable":true,"href":"https:\/\/www.compostlap.com\/en\/wp-json\/wp\/v2\/users\/1"}],"replies":[{"embeddable":true,"href":"https:\/\/www.compostlap.com\/en\/wp-json\/wp\/v2\/comments?post=9819"}],"version-history":[{"count":18,"href":"https:\/\/www.compostlap.com\/en\/wp-json\/wp\/v2\/pages\/9819\/revisions"}],"predecessor-version":[{"id":9944,"href":"https:\/\/www.compostlap.com\/en\/wp-json\/wp\/v2\/pages\/9819\/revisions\/9944"}],"wp:attachment":[{"href":"https:\/\/www.compostlap.com\/en\/wp-json\/wp\/v2\/media?parent=9819"}],"curies":[{"name":"wp","href":"https:\/\/api.w.org\/{rel}","templated":true}]}}