{"id":9828,"date":"2022-12-23T12:51:12","date_gmt":"2022-12-23T12:51:12","guid":{"rendered":"https:\/\/www.compostlap.com\/?page_id=9828"},"modified":"2023-03-17T22:14:52","modified_gmt":"2023-03-17T22:14:52","slug":"urunlerimiz","status":"publish","type":"page","link":"https:\/\/www.compostlap.com\/en\/urunlerimiz\/","title":{"rendered":"Our Products"},"content":{"rendered":"<div class=\"vc_row wpb_row vc_row-fluid\"><div class=\"wpb_column vc_column_container vc_col-sm-3\"><div class=\"vc_column-inner\"><div class=\"wpb_wrapper\">\n\t<div class=\"wpb_text_column wpb_content_element\" >\n\t\t<div class=\"wpb_wrapper\">\n\t\t\t<p>Green waste is composed of any waste of plant origin collected by local communities, excluding<br \/>\ndomestic food waste. These wastes can be divided into two;<\/p>\n\n\t\t<\/div>\n\t<\/div>\n<\/div><\/div><\/div><div class=\"wpb_column vc_column_container vc_col-sm-3\"><div class=\"vc_column-inner\"><div class=\"wpb_wrapper\">\n\t<div class=\"wpb_text_column wpb_content_element\" >\n\t\t<div class=\"wpb_wrapper\">\n\t\t\t<p>Compost is a natural product obtained as a result of combining almost all kinds of organic wastes and decomposing them in an oxygenated and<\/p>\n\n\t\t<\/div>\n\t<\/div>\n<\/div><\/div><\/div><div class=\"wpb_column vc_column_container vc_col-sm-3\"><div class=\"vc_column-inner\"><div class=\"wpb_wrapper\">\n\t<div class=\"wpb_text_column wpb_content_element\" >\n\t\t<div class=\"wpb_wrapper\">\n\t\t\t<p>humid environment. Any material used to cover the soil is called the product is used as mulch. Firewood;<br \/>\nThese are the waste products which has been lignified, and thus too thick to be<\/p>\n<p>&nbsp;<\/p>\n\n\t\t<\/div>\n\t<\/div>\n<\/div><\/div><\/div><div class=\"wpb_column vc_column_container vc_col-sm-3\"><div class=\"vc_column-inner\"><div class=\"wpb_wrapper\">\n\t<div class=\"wpb_text_column wpb_content_element\" >\n\t\t<div class=\"wpb_wrapper\">\n\t\t\t<p>grinded or which cannot be used in the composting stage (plants that may structurally harm the\nprocess during the fermentation process) but which still have value as fuel.<\/p>\n\n\t\t<\/div>\n\t<\/div>\n<\/div><\/div><\/div><\/div>","protected":false},"excerpt":{"rendered":"<p>Ye\u015fil at\u0131\u011f\u0131n geri d\u00f6n\u00fc\u015ft\u00fcr\u00fclmesi sonucu edilen \u00fcr\u00fcnlerimiz: Kompost, Mal\u00e7 ve Yakacak Odun Kompost; hemen her t\u00fcrl\u00fc organik at\u0131\u011f\u0131n bir araya getirilerek oksijenli ve nemli ortamda \u00e7\u00fcr\u00fct\u00fclmesi sonucu elde edilen do\u011fal bir \u00fcr\u00fcnd\u00fcr. Topra\u011f\u0131n \u00fczerini \u00f6rtmekte kullan\u0131lan her t\u00fcrl\u00fc malzemeye \u201cmal\u00e7\u201d ad\u0131 verilir. Tesise getirilen at\u0131klardan \u00f6\u011f\u00fct\u00fclebilecek boyutlarda dallardan edilen \u00fcr\u00fcn mal\u00e7 olarak kullan\u0131lmaktad\u0131r. Yakacak Odun; &#8230;<\/p>","protected":false},"author":1,"featured_media":0,"parent":0,"menu_order":0,"comment_status":"closed","ping_status":"closed","template":"","meta":{"footnotes":""},"class_list":["post-9828","page","type-page","status-publish","hentry"],"_links":{"self":[{"href":"https:\/\/www.compostlap.com\/en\/wp-json\/wp\/v2\/pages\/9828","targetHints":{"allow":["GET"]}}],"collection":[{"href":"https:\/\/www.compostlap.com\/en\/wp-json\/wp\/v2\/pages"}],"about":[{"href":"https:\/\/www.compostlap.com\/en\/wp-json\/wp\/v2\/types\/page"}],"author":[{"embeddable":true,"href":"https:\/\/www.compostlap.com\/en\/wp-json\/wp\/v2\/users\/1"}],"replies":[{"embeddable":true,"href":"https:\/\/www.compostlap.com\/en\/wp-json\/wp\/v2\/comments?post=9828"}],"version-history":[{"count":16,"href":"https:\/\/www.compostlap.com\/en\/wp-json\/wp\/v2\/pages\/9828\/revisions"}],"predecessor-version":[{"id":9909,"href":"https:\/\/www.compostlap.com\/en\/wp-json\/wp\/v2\/pages\/9828\/revisions\/9909"}],"wp:attachment":[{"href":"https:\/\/www.compostlap.com\/en\/wp-json\/wp\/v2\/media?parent=9828"}],"curies":[{"name":"wp","href":"https:\/\/api.w.org\/{rel}","templated":true}]}}