{"id":9817,"date":"2022-12-23T12:38:02","date_gmt":"2022-12-23T12:38:02","guid":{"rendered":"http:\/\/www.compostlap.com\/?page_id=9817"},"modified":"2023-01-25T21:28:47","modified_gmt":"2023-01-25T21:28:47","slug":"tesis-isleyisimiz","status":"publish","type":"page","link":"https:\/\/www.compostlap.com\/tr\/tesis-isleyisimiz\/","title":{"rendered":"Tesis \u0130\u015fleyi\u015fimiz"},"content":{"rendered":"<div class=\"vc_row wpb_row vc_row-fluid\"><div class=\"wpb_column vc_column_container vc_col-sm-12\"><div class=\"vc_column-inner\"><div class=\"wpb_wrapper\">\n\t<div  class=\"wpb_single_image wpb_content_element vc_align_center\">\n\t\t\n\t\t<figure class=\"wpb_wrapper vc_figure\">\n\t\t\t<div class=\"vc_single_image-wrapper   vc_box_border_grey\"><img loading=\"lazy\" decoding=\"async\" width=\"1024\" height=\"913\" src=\"https:\/\/www.compostlap.com\/wp-content\/uploads\/2023\/01\/isleyis-1-1024x913-1.jpg\" class=\"vc_single_image-img attachment-full\" alt=\"\" title=\"isleyis-1-1024x913\" srcset=\"https:\/\/www.compostlap.com\/wp-content\/uploads\/2023\/01\/isleyis-1-1024x913-1.jpg 1024w, https:\/\/www.compostlap.com\/wp-content\/uploads\/2023\/01\/isleyis-1-1024x913-1-300x267.jpg 300w, https:\/\/www.compostlap.com\/wp-content\/uploads\/2023\/01\/isleyis-1-1024x913-1-768x685.jpg 768w, https:\/\/www.compostlap.com\/wp-content\/uploads\/2023\/01\/isleyis-1-1024x913-1-13x12.jpg 13w\" sizes=\"auto, (max-width: 1024px) 100vw, 1024px\" \/><\/div>\n\t\t<\/figure>\n\t<\/div>\n<\/div><\/div><\/div><\/div>\n","protected":false},"excerpt":{"rendered":"","protected":false},"author":1,"featured_media":0,"parent":0,"menu_order":0,"comment_status":"closed","ping_status":"closed","template":"","meta":{"footnotes":""},"class_list":["post-9817","page","type-page","status-publish","hentry"],"_links":{"self":[{"href":"https:\/\/www.compostlap.com\/tr\/wp-json\/wp\/v2\/pages\/9817","targetHints":{"allow":["GET"]}}],"collection":[{"href":"https:\/\/www.compostlap.com\/tr\/wp-json\/wp\/v2\/pages"}],"about":[{"href":"https:\/\/www.compostlap.com\/tr\/wp-json\/wp\/v2\/types\/page"}],"author":[{"embeddable":true,"href":"https:\/\/www.compostlap.com\/tr\/wp-json\/wp\/v2\/users\/1"}],"replies":[{"embeddable":true,"href":"https:\/\/www.compostlap.com\/tr\/wp-json\/wp\/v2\/comments?post=9817"}],"version-history":[{"count":4,"href":"https:\/\/www.compostlap.com\/tr\/wp-json\/wp\/v2\/pages\/9817\/revisions"}],"predecessor-version":[{"id":9841,"href":"https:\/\/www.compostlap.com\/tr\/wp-json\/wp\/v2\/pages\/9817\/revisions\/9841"}],"wp:attachment":[{"href":"https:\/\/www.compostlap.com\/tr\/wp-json\/wp\/v2\/media?parent=9817"}],"curies":[{"name":"wp","href":"https:\/\/api.w.org\/{rel}","templated":true}]}}